{"id":553,"date":"2024-04-22T10:48:17","date_gmt":"2024-04-22T10:48:17","guid":{"rendered":"https:\/\/eklentimarket.net\/kocayusufmakine\/?post_type=product&#038;p=553"},"modified":"2025-04-22T19:19:44","modified_gmt":"2025-04-22T19:19:44","slug":"ozel-makineler","status":"publish","type":"product","link":"https:\/\/kocayusufmakine.com\/en\/machines\/special-machines\/","title":{"rendered":"Special Machines and Loading and Unloading Systems"},"content":{"rendered":"<p>1961 senesinden beri elde etti\u011fi tecr\u00fcbe ile Kocayusuf m\u00fc\u015fterilerinin iste\u011fi do\u011frultusunda her t\u00fcrl\u00fc basit, yar\u0131 veya tam otomatik makine imalat\u0131n\u0131 ve bunlar\u0131n yaz\u0131l\u0131m deste\u011fini verebilme potansiyeline sahiptir.<\/p>\n<p><strong>Technical Specifications<\/strong><br \/>\n\u2013 Tabla \u00d6l\u00e7\u00fcleri \/ Platen Sizes<br \/>\n\u2013 En\/ With : 1100 \u2013 1200 \u2013 1300 \u2013 1500 \u2013 1900 \u2013 2000 \u2013 2200 \u2013 2300 \u2013 2500 mm<br \/>\n\u2013 Boy\/ Length : 2200 \u2013 2500 \u2013 2900 \u2013 3000 \u2013 3800 \u2013 4000 \u2013 4400 mm- Silindir adeti: 4 -16<br \/>\n\u2013 Presleme g\u00fcc\u00fc: 70-100-110-125-160-220 ton \u2013 A\u00e7\u0131l\u0131m\/ Opening : 360 mm<br \/>\n\u2013 Plaka tipi: Al\u00fcminyum, krom, dolu plaka<br \/>\n\u2013 Is\u0131tma sistemi: Termal ya\u011f, s\u0131cak su, buhar, t\u00fcp rezistans<\/p>\n<p>\u2013 T\u00fcp rezistansl\u0131 \u0131s\u0131tma sistemi: (standart)<br \/>\nDi\u011fer \u00d6zellikler<br \/>\n\u2013 Ara kat (opsiyonel)<br \/>\n\u2013 Otomatik y\u00fckleme (opsiyonel)<br \/>\n\u2013 Otomatik bo\u015faltma(opsiyonel)<br \/>\n\u2013 Plakalar\u0131n mylar bant ile kaplanmas\u0131(opsiyonel)<br \/>\n\u2013 Di\u011fer \u0131s\u0131tma sistemleri (opsiyonel)<br \/>\n\u2013 Elektrik ya\u011f kazan\u0131<br \/>\n\u2013 Buhar kazan\u0131 (optional)<\/p>","protected":false},"excerpt":{"rendered":"<p>1961 senesinden beri elde etti\u011fi tecr\u00fcbe ile Kocayusuf m\u00fc\u015fterilerinin iste\u011fi do\u011frultusunda her t\u00fcrl\u00fc basit, yar\u0131 veya tam otomatik makine imalat\u0131n\u0131 ve bunlar\u0131n yaz\u0131l\u0131m deste\u011fini verebilme potansiyeline sahiptir. Teknik \u00d6zellikler \u2013 Tabla \u00d6l\u00e7\u00fcleri \/ Platen Sizes \u2013 En\/ With : 1100 \u2013 1200 \u2013 1300 \u2013 1500 \u2013 1900 \u2013 2000 \u2013 2200 \u2013 2300 \u2013 [&hellip;]<\/p>","protected":false},"featured_media":565,"template":"","meta":[],"product_cat":[16,23],"product_tag":[],"class_list":{"0":"post-553","1":"product","2":"type-product","3":"status-publish","4":"has-post-thumbnail","6":"product_cat-makineler","7":"product_cat-agac-sektoru","9":"first","10":"instock","11":"shipping-taxable","12":"product-type-simple"},"acf":[],"_links":{"self":[{"href":"https:\/\/kocayusufmakine.com\/en\/wp-json\/wp\/v2\/product\/553","targetHints":{"allow":["GET"]}}],"collection":[{"href":"https:\/\/kocayusufmakine.com\/en\/wp-json\/wp\/v2\/product"}],"about":[{"href":"https:\/\/kocayusufmakine.com\/en\/wp-json\/wp\/v2\/types\/product"}],"wp:featuredmedia":[{"embeddable":true,"href":"https:\/\/kocayusufmakine.com\/en\/wp-json\/wp\/v2\/media\/565"}],"wp:attachment":[{"href":"https:\/\/kocayusufmakine.com\/en\/wp-json\/wp\/v2\/media?parent=553"}],"wp:term":[{"taxonomy":"product_cat","embeddable":true,"href":"https:\/\/kocayusufmakine.com\/en\/wp-json\/wp\/v2\/product_cat?post=553"},{"taxonomy":"product_tag","embeddable":true,"href":"https:\/\/kocayusufmakine.com\/en\/wp-json\/wp\/v2\/product_tag?post=553"}],"curies":[{"name":"wp","href":"https:\/\/api.w.org\/{rel}","templated":true}]}}