{"id":552,"date":"2024-04-22T10:47:29","date_gmt":"2024-04-22T10:47:29","guid":{"rendered":"https:\/\/eklentimarket.net\/kocayusufmakine\/?post_type=product&#038;p=552"},"modified":"2024-10-08T09:41:29","modified_gmt":"2024-10-08T09:41:29","slug":"tutkal-surme-makineleri","status":"publish","type":"product","link":"https:\/\/kocayusufmakine.com\/en\/machines\/tutkal-surme-makineleri\/","title":{"rendered":"Glue Spreader Machines"},"content":{"rendered":"<div class=\"elementor-element elementor-element-ceed14 elementor-widget elementor-widget-text-editor\" data-id=\"ceed14\" data-element_type=\"widget\" data-settings=\"{&quot;ekit_we_effect_on&quot;:&quot;none&quot;}\" data-widget_type=\"text-editor.default\">\n<div class=\"elementor-widget-container\">\n<p class=\"translation-block\">Kocayusuf s\u0131cak kaplama presleri geni\u015f bir \u00fcr\u00fcn yelpazesine sahip olup mobilya, kap\u0131, parke y\u00fczeyi, gibi \u00e7ok \u00e7e\u015fitli \u00fcretim alanlar\u0131nda kullan\u0131lmaktad\u0131r. \u00d6zel olarak \u00fcretilen S\u0131cak Pres<br>\r\nmakineleri farkl\u0131 bas\u0131n\u00e7 ve \u00f6l\u00e7\u00fclerde, kapan\u0131\u015f\u0131 alttan yada \u00fcstten hareketli olarak \u00fcretilir. Presler iste\u011fe ba\u011fl\u0131 olarak 1 yada daha \u00e7ok ek plaka ile \u00fcretim miktar\u0131 artt\u0131r\u0131labilir. Makineler<br>\r\nY\u00fcksek s\u0131cakl\u0131klara dayan\u0131kl\u0131d\u0131r.<\/p>\n<\/div>\n<\/div>\n<div class=\"elementor-element elementor-element-645012ea elementor-widget elementor-widget-spacer\" data-id=\"645012ea\" data-element_type=\"widget\" data-settings=\"{&quot;ekit_we_effect_on&quot;:&quot;none&quot;}\" data-widget_type=\"spacer.default\">\n<div class=\"elementor-widget-container\">\n<div class=\"elementor-spacer\">\n<div class=\"elementor-spacer-inner\"><\/div>\n<\/div>\n<\/div>\n<\/div>\n<div class=\"elementor-element elementor-element-1eef35cb elementor-widget elementor-widget-text-editor\" data-id=\"1eef35cb\" data-element_type=\"widget\" data-settings=\"{&quot;ekit_we_effect_on&quot;:&quot;none&quot;}\" data-widget_type=\"text-editor.default\">\n<div class=\"elementor-widget-container\">\n<p><strong>Technical Specifications<\/strong><br \/>\n\u2013 Tabla \u00d6l\u00e7\u00fcleri \/ Platen Sizes<br \/>\n\u2013 En\/ With : 1100 \u2013 1200 \u2013 1300 \u2013 1500 \u2013 1900 \u2013 2000 \u2013 2200 \u2013 2300 \u2013 2500 mm<br \/>\n\u2013 Boy\/ Length : 2200 \u2013 2500 \u2013 2900 \u2013 3000 \u2013 3800 \u2013 4000 \u2013 4400 mm- Silindir adeti: 4 -16<br \/>\n\u2013 Presleme g\u00fcc\u00fc: 70-100-110-125-160-220 ton \u2013 A\u00e7\u0131l\u0131m\/ Opening : 360 mm<br \/>\n\u2013 Plaka tipi: Al\u00fcminyum, krom, dolu plaka<br \/>\n\u2013 Is\u0131tma sistemi: Termal ya\u011f, s\u0131cak su, buhar, t\u00fcp rezistans<\/p>\n<p>\u2013 T\u00fcp rezistansl\u0131 \u0131s\u0131tma sistemi: (standart)<br \/>\nDi\u011fer \u00d6zellikler<br \/>\n\u2013 Ara kat (opsiyonel)<br \/>\n\u2013 Otomatik y\u00fckleme (opsiyonel)<br \/>\n\u2013 Otomatik bo\u015faltma(opsiyonel)<br \/>\n\u2013 Plakalar\u0131n mylar bant ile kaplanmas\u0131(opsiyonel)<br \/>\n\u2013 Di\u011fer \u0131s\u0131tma sistemleri (opsiyonel)<br \/>\n\u2013 Elektrik ya\u011f kazan\u0131<br \/>\n\u2013 Buhar kazan\u0131 (optional)<\/p>\n<\/div>\n<\/div>","protected":false},"excerpt":{"rendered":"<p>Kocayusuf s\u0131cak kaplama presleri geni\u015f bir \u00fcr\u00fcn yelpazesine sahip olup mobilya, kap\u0131, parke y\u00fczeyi, gibi \u00e7ok \u00e7e\u015fitli \u00fcretim alanlar\u0131nda kullan\u0131lmaktad\u0131r. \u00d6zel olarak \u00fcretilen S\u0131cak Pres makineleri farkl\u0131 bas\u0131n\u00e7 ve \u00f6l\u00e7\u00fclerde, kapan\u0131\u015f\u0131 alttan yada \u00fcstten hareketli olarak \u00fcretilir. Presler iste\u011fe ba\u011fl\u0131 olarak 1 yada daha \u00e7ok ek plaka ile \u00fcretim miktar\u0131 artt\u0131r\u0131labilir. Makineler Y\u00fcksek s\u0131cakl\u0131klara dayan\u0131kl\u0131d\u0131r. [&hellip;]<\/p>","protected":false},"featured_media":554,"template":"","meta":[],"product_cat":[16,23],"product_tag":[],"class_list":{"0":"post-552","1":"product","2":"type-product","3":"status-publish","4":"has-post-thumbnail","6":"product_cat-makineler","7":"product_cat-agac-sektoru","9":"first","10":"instock","11":"shipping-taxable","12":"product-type-simple"},"acf":[],"_links":{"self":[{"href":"https:\/\/kocayusufmakine.com\/en\/wp-json\/wp\/v2\/product\/552","targetHints":{"allow":["GET"]}}],"collection":[{"href":"https:\/\/kocayusufmakine.com\/en\/wp-json\/wp\/v2\/product"}],"about":[{"href":"https:\/\/kocayusufmakine.com\/en\/wp-json\/wp\/v2\/types\/product"}],"wp:featuredmedia":[{"embeddable":true,"href":"https:\/\/kocayusufmakine.com\/en\/wp-json\/wp\/v2\/media\/554"}],"wp:attachment":[{"href":"https:\/\/kocayusufmakine.com\/en\/wp-json\/wp\/v2\/media?parent=552"}],"wp:term":[{"taxonomy":"product_cat","embeddable":true,"href":"https:\/\/kocayusufmakine.com\/en\/wp-json\/wp\/v2\/product_cat?post=552"},{"taxonomy":"product_tag","embeddable":true,"href":"https:\/\/kocayusufmakine.com\/en\/wp-json\/wp\/v2\/product_tag?post=552"}],"curies":[{"name":"wp","href":"https:\/\/api.w.org\/{rel}","templated":true}]}}