{"id":551,"date":"2024-04-22T10:46:43","date_gmt":"2024-04-22T10:46:43","guid":{"rendered":"https:\/\/eklentimarket.net\/kocayusufmakine\/?post_type=product&#038;p=551"},"modified":"2024-10-21T09:42:06","modified_gmt":"2024-10-21T09:42:06","slug":"hotmelt-tutkal-surme-hatlari","status":"publish","type":"product","link":"https:\/\/kocayusufmakine.com\/en\/machines\/hotmelt-tutkal-surme-hatlari\/","title":{"rendered":"Hotmelt Tutkal Surme Hatlar\u0131"},"content":{"rendered":"<div class=\"elementor-element elementor-element-690f011a elementor-widget elementor-widget-text-editor\" data-id=\"690f011a\" data-element_type=\"widget\" data-settings=\"{&quot;ekit_we_effect_on&quot;:&quot;none&quot;}\" data-widget_type=\"text-editor.default\">\n<div class=\"elementor-widget-container\">\n<p>Kocayusuf makine taraf\u0131ndan \u00f6zel olarak \u00fcretilen tutkal s\u00fcrme makineleri di\u011fer makinelere g\u00f6re imalat\u0131nda farkl\u0131 \u00f6l\u00e7\u00fcleri ve teknik \u00f6zellikleri i\u00e7eren geni\u015f bir \u00fcr\u00fcn yelpazesine sahiptir.<br \/>\nKocayusuf makine her t\u00fcrl\u00fc yap\u0131\u015ft\u0131r\u0131c\u0131y\u0131 b\u00fct\u00fcn y\u00fczeylere uygulanabilecek tutkal s\u00fcrme makineleri imal eder. Al\u0131c\u0131n\u0131n iste\u011fine g\u00f6re \u00f6zel olarak \u00fcretilen makineler 1,2,3 veya 4 merdaneli olarak \u00fcretilir. Merdaneler kau\u00e7uk, nitril, silikon, ebonit, poli\u00fcretan veya krom kapl\u0131 olarak \u00fcretilir.<\/p>\n<\/div>\n<\/div>\n<div class=\"elementor-element elementor-element-e3dd9d0 elementor-widget elementor-widget-text-editor\" data-id=\"e3dd9d0\" data-element_type=\"widget\" data-settings=\"{&quot;ekit_we_effect_on&quot;:&quot;none&quot;}\" data-widget_type=\"text-editor.default\">\n<div class=\"elementor-widget-container\">\n<p><strong>Technical Specifications<\/strong><br \/>\n1. Merdane :<br \/>\n\u2013 \u00c7al\u0131\u015fma boyu : 40mm<br \/>\n\u2013 \u00c7al\u0131\u015fma aral\u0131\u011f\u0131: 70mm<br \/>\nMerdane say\u0131s\u0131:2<br \/>\n\u2013 Beslenme h\u0131z\u0131:<br \/>\n\u2013 S\u00fcr\u00fcc\u00fc merdane \u00e7ap\u0131: 1650 mm (2 adet)<br \/>\n\u2013 Acil stop teli Opsiyonel ekipmanlar:<br \/>\n\u2013 Manuel temizleme ayg\u0131t\u0131<br \/>\n\u2013 Otomatik temizleme ayg\u0131t\u0131<br \/>\n\u2013 Is\u0131tma sistemi<br \/>\n\u2013 Ce standartlar\u0131 3 Merdane :<br \/>\n\u2013 \u00c7al\u0131\u015fma boyu 1300-1900-2300 mm<br \/>\n\u2013 \u00c7al\u0131\u015fma aral\u0131\u011f\u0131: 70mm<br \/>\nMerdane say\u0131s\u0131: 3<br \/>\n-Beslenme h\u0131z\u0131:<br \/>\n\u2013 S\u00fcr\u00fcc\u00fc merdane \u00e7ap\u0131: 2500 mm (2 adet)<br \/>\n\u2013 Dozajlama merdane \u00e7ap\u0131 : 2000 mm (2 adet)<br \/>\n\u2013 Acil stop teli<\/p>\n<\/div>\n<p><strong>Opsiyonel ekipmanlar<\/strong><br \/>\n\u2013 Manuel temizleme ayg\u0131t\u0131<br \/>\n\u2013 Otomatik temizleme ayg\u0131t\u0131<br \/>\n\u2013 Is\u0131tma sistemi<br \/>\n\u2013 CE standartlar\u0131<br \/>\n4 Merdane :<br \/>\n\u2013 \u00c7al\u0131\u015fma boyu 1300-1900-2300 mm<br \/>\n\u2013 \u00c7al\u0131\u015fma aral\u0131\u011f\u0131: 70mm<br \/>\n\u2013 \u00c7al\u0131\u015fma aral\u0131\u011f\u0131: 70mm<br \/>\n\u2013 Merdane say\u0131s\u0131 : 4<br \/>\n\u2013 Beslenme h\u0131z\u0131<br \/>\n\u2013 S\u00fcr\u00fcc\u00fc merdane \u00e7ap\u0131:2500mm (2 adet)<br \/>\n\u2013 Dozajlama merdane \u00e7ap\u0131:2000mm (2 adet)<br \/>\n\u2013 Acil stop teli Opsiyonel ekipmanlar<br \/>\n\u2013 Manuel temizleme ayg\u0131t\u0131<br \/>\n\u2013 \u0131s\u0131tma sistemi<br \/>\n\u2013 CE standartlar\u0131<\/p>\n<\/div>","protected":false},"excerpt":{"rendered":"<p>Kocayusuf makine taraf\u0131ndan \u00f6zel olarak \u00fcretilen tutkal s\u00fcrme makineleri di\u011fer makinelere g\u00f6re imalat\u0131nda farkl\u0131 \u00f6l\u00e7\u00fcleri ve teknik \u00f6zellikleri i\u00e7eren geni\u015f bir \u00fcr\u00fcn yelpazesine sahiptir. Kocayusuf makine her t\u00fcrl\u00fc yap\u0131\u015ft\u0131r\u0131c\u0131y\u0131 b\u00fct\u00fcn y\u00fczeylere uygulanabilecek tutkal s\u00fcrme makineleri imal eder. Al\u0131c\u0131n\u0131n iste\u011fine g\u00f6re \u00f6zel olarak \u00fcretilen makineler 1,2,3 veya 4 merdaneli olarak \u00fcretilir. Merdaneler kau\u00e7uk, nitril, silikon, ebonit, [&hellip;]<\/p>","protected":false},"featured_media":564,"template":"","meta":[],"product_cat":[16],"product_tag":[],"class_list":{"0":"post-551","1":"product","2":"type-product","3":"status-publish","4":"has-post-thumbnail","6":"product_cat-makineler","8":"first","9":"instock","10":"shipping-taxable","11":"product-type-simple"},"acf":[],"_links":{"self":[{"href":"https:\/\/kocayusufmakine.com\/en\/wp-json\/wp\/v2\/product\/551","targetHints":{"allow":["GET"]}}],"collection":[{"href":"https:\/\/kocayusufmakine.com\/en\/wp-json\/wp\/v2\/product"}],"about":[{"href":"https:\/\/kocayusufmakine.com\/en\/wp-json\/wp\/v2\/types\/product"}],"wp:featuredmedia":[{"embeddable":true,"href":"https:\/\/kocayusufmakine.com\/en\/wp-json\/wp\/v2\/media\/564"}],"wp:attachment":[{"href":"https:\/\/kocayusufmakine.com\/en\/wp-json\/wp\/v2\/media?parent=551"}],"wp:term":[{"taxonomy":"product_cat","embeddable":true,"href":"https:\/\/kocayusufmakine.com\/en\/wp-json\/wp\/v2\/product_cat?post=551"},{"taxonomy":"product_tag","embeddable":true,"href":"https:\/\/kocayusufmakine.com\/en\/wp-json\/wp\/v2\/product_tag?post=551"}],"curies":[{"name":"wp","href":"https:\/\/api.w.org\/{rel}","templated":true}]}}