{"id":550,"date":"2024-04-22T10:42:07","date_gmt":"2024-04-22T10:42:07","guid":{"rendered":"https:\/\/eklentimarket.net\/kocayusufmakine\/?post_type=product&#038;p=550"},"modified":"2024-04-22T11:00:40","modified_gmt":"2024-04-22T11:00:40","slug":"desen-makineleri","status":"publish","type":"product","link":"https:\/\/kocayusufmakine.com\/en\/machines\/desen-makineleri\/","title":{"rendered":"Pattern Machines"},"content":{"rendered":"<p>Kocayusuf makine taraf\u0131ndan \u00f6zel olarak \u00fcretilen Desen Makineleri d\u00fcz yada \u015fekilli paneller de yar\u0131 veya tam otomatik se\u00e7enekleri ile ah\u015fap profillerin y\u00fczeyine s\u0131cak presleme ile desen bask\u0131 veya tahta hamur bask\u0131s\u0131 yapar. Y\u00fczeyi al\u0131c\u0131n\u0131n iste\u011fine g\u00f6re imal edilen bu makinelerde, bas\u0131lacak malzemenin y\u00fczeyine ayn\u0131 anda birden farkl\u0131 desen uygulanabilir. \u0130ste\u011fe g\u00f6re ekstra par\u00e7alar makinaya ilave edilebilir.<\/p>","protected":false},"excerpt":{"rendered":"<p>Kocayusuf makine taraf\u0131ndan \u00f6zel olarak \u00fcretilen Desen Makineleri d\u00fcz yada \u015fekilli paneller de yar\u0131 veya tam otomatik se\u00e7enekleri ile ah\u015fap profillerin y\u00fczeyine s\u0131cak presleme ile desen bask\u0131 veya tahta hamur bask\u0131s\u0131 yapar. Y\u00fczeyi al\u0131c\u0131n\u0131n iste\u011fine g\u00f6re imal edilen bu makinelerde, bas\u0131lacak malzemenin y\u00fczeyine ayn\u0131 anda birden farkl\u0131 desen uygulanabilir. \u0130ste\u011fe g\u00f6re ekstra par\u00e7alar makinaya ilave [&hellip;]<\/p>","protected":false},"featured_media":563,"template":"","meta":[],"product_cat":[16],"product_tag":[],"class_list":{"0":"post-550","1":"product","2":"type-product","3":"status-publish","4":"has-post-thumbnail","6":"product_cat-makineler","8":"first","9":"instock","10":"shipping-taxable","11":"product-type-simple"},"acf":[],"_links":{"self":[{"href":"https:\/\/kocayusufmakine.com\/en\/wp-json\/wp\/v2\/product\/550","targetHints":{"allow":["GET"]}}],"collection":[{"href":"https:\/\/kocayusufmakine.com\/en\/wp-json\/wp\/v2\/product"}],"about":[{"href":"https:\/\/kocayusufmakine.com\/en\/wp-json\/wp\/v2\/types\/product"}],"wp:featuredmedia":[{"embeddable":true,"href":"https:\/\/kocayusufmakine.com\/en\/wp-json\/wp\/v2\/media\/563"}],"wp:attachment":[{"href":"https:\/\/kocayusufmakine.com\/en\/wp-json\/wp\/v2\/media?parent=550"}],"wp:term":[{"taxonomy":"product_cat","embeddable":true,"href":"https:\/\/kocayusufmakine.com\/en\/wp-json\/wp\/v2\/product_cat?post=550"},{"taxonomy":"product_tag","embeddable":true,"href":"https:\/\/kocayusufmakine.com\/en\/wp-json\/wp\/v2\/product_tag?post=550"}],"curies":[{"name":"wp","href":"https:\/\/api.w.org\/{rel}","templated":true}]}}