{"id":547,"date":"2024-04-22T10:06:54","date_gmt":"2024-04-22T10:06:54","guid":{"rendered":"https:\/\/eklentimarket.net\/kocayusufmakine\/?post_type=product&#038;p=547"},"modified":"2024-10-09T10:34:53","modified_gmt":"2024-10-09T10:34:53","slug":"iskelet-presleri","status":"publish","type":"product","link":"https:\/\/kocayusufmakine.com\/en\/machines\/skeleton-presses\/","title":{"rendered":"Wood Bending Press"},"content":{"rendered":"<p>The skeleton presses specially manufactured by Kocayusuf are used for producing chair frames, bed parts, curved doors, and various furniture accessories. These presses are produced in custom sizes and pressures, with movable tables operating from the top or bottom. The heating system is powered by a high-frequency generator, oil, water, steam, or tube resistance. According to specific requests, the machines can be made with either hot plates or cold plates, and different equipment can be added to the machine. The high production capacities and the quality and durability of the materials used are guaranteed by Kocayusuf Machine.<\/p>","protected":false},"excerpt":{"rendered":"<p>Kocayusuf taraf\u0131ndan \u00f6zel olarak \u00fcretilen \u0130skelet Presler ile sandalye iskeleti, yatak par\u00e7alar\u0131, kavisli kap\u0131lar ve \u00e7e\u015fitli mobilya aksesuarlar\u0131 \u00fcretmek i\u00e7in kullan\u0131l\u0131r. \u00d6zel \u00f6l\u00e7\u00fcler ile bas\u0131n\u00e7ta \u00fcstten veya alttan hareketli olarak \u00fcretilir. Is\u0131tma sistemi y\u00fcksek frekans jenerat\u00f6r\u00fc, ya\u011f, su, buhar veya t\u00fcp rezistansl\u0131d\u0131r. \u00d6zel iste\u011fe g\u00f6re makineler s\u0131cak plakal\u0131 veya so\u011fuk plakal\u0131 \u00fcretilebilir ve makinenin \u00fczerine [&hellip;]<\/p>","protected":false},"featured_media":560,"template":"","meta":[],"product_cat":[16,23],"product_tag":[],"class_list":{"0":"post-547","1":"product","2":"type-product","3":"status-publish","4":"has-post-thumbnail","6":"product_cat-makineler","7":"product_cat-agac-sektoru","9":"first","10":"instock","11":"shipping-taxable","12":"product-type-simple"},"acf":[],"_links":{"self":[{"href":"https:\/\/kocayusufmakine.com\/en\/wp-json\/wp\/v2\/product\/547","targetHints":{"allow":["GET"]}}],"collection":[{"href":"https:\/\/kocayusufmakine.com\/en\/wp-json\/wp\/v2\/product"}],"about":[{"href":"https:\/\/kocayusufmakine.com\/en\/wp-json\/wp\/v2\/types\/product"}],"wp:featuredmedia":[{"embeddable":true,"href":"https:\/\/kocayusufmakine.com\/en\/wp-json\/wp\/v2\/media\/560"}],"wp:attachment":[{"href":"https:\/\/kocayusufmakine.com\/en\/wp-json\/wp\/v2\/media?parent=547"}],"wp:term":[{"taxonomy":"product_cat","embeddable":true,"href":"https:\/\/kocayusufmakine.com\/en\/wp-json\/wp\/v2\/product_cat?post=547"},{"taxonomy":"product_tag","embeddable":true,"href":"https:\/\/kocayusufmakine.com\/en\/wp-json\/wp\/v2\/product_tag?post=547"}],"curies":[{"name":"wp","href":"https:\/\/api.w.org\/{rel}","templated":true}]}}