{"id":543,"date":"2024-04-22T10:03:26","date_gmt":"2024-04-22T10:03:26","guid":{"rendered":"https:\/\/eklentimarket.net\/kocayusufmakine\/?post_type=product&#038;p=543"},"modified":"2024-10-24T13:41:55","modified_gmt":"2024-10-24T13:41:55","slug":"panel-presi","status":"publish","type":"product","link":"https:\/\/kocayusufmakine.com\/en\/machines\/panel-presses\/","title":{"rendered":"Panel Presses"},"content":{"rendered":"<p>The panel presses specially manufactured by Kocayusuf offer a large working area and can be used in various applications with features such as automatic loading, automatic unloading, mini glue application, mylar tape coating for plates, additional heating systems, an electrically heated oil boiler, and a steam boiler.<\/p>\n<p>Technical Specifications<br \/>\n<strong>Table Dimensions:<\/strong><\/p>\n<ul>\n<li>Width: 1300 \u2013 1400 \u2013 1500 \u2013 1600 mm<\/li>\n<li>Length: 3000 \u2013 3200 \u2013 4000 \u2013 4400 mm<\/li>\n<li>Number of vertical cylinders: 8-10<\/li>\n<li>Number of horizontal cylinders: 8-9-12-14<\/li>\n<li>Vertical Pressing Force: 100-120-140-160 tons<\/li>\n<li>Horizontal Pressing Force: 15-16.5-22.5 tons<\/li>\n<li>Opening: 360 mm - Plate Type: Aluminum, Chrome, Solid Plate<\/li>\n<li>Heating System: Thermal Oil, Hot Water, Steam, Tube Resistance<\/li>\n<li>Tube Resistance Heating System (Standard)<\/li>\n<li>Manometer for Vertical Pressure<\/li>\n<li>Manometer for Vertical Pressure<\/li>\n<li>Ability to Deactivate Horizontal Pistons<\/li>\n<li>CE Standards (Optional)<\/li>\n<\/ul>","protected":false},"excerpt":{"rendered":"<p>Kocayusuf taraf\u0131ndan \u00f6zel olarak \u00fcretilen Panel preslerinde geni\u015f bir \u00e7al\u0131\u015fma alan\u0131na sahip olup Otomatik y\u00fckleme, Otomatik bo\u015faltma, Mini tutkal s\u00fcrme, Plakalar\u0131n mylar bant ile kaplanmas\u0131, Di\u011fer \u0131s\u0131tma sistemleri, Elektrik \u0131s\u0131tmal\u0131 ya\u011f kazan\u0131 ve Buhar kazan\u0131 gibi \u00f6zelliklerini kullanarak \u00e7e\u015fitli yerlerde faaliyet g\u00f6sterebilirsiniz. Teknik \u00d6zellikler Tabla \u00d6l\u00e7\u00fcleri : En : 1300 \u2013 1400- 1500-1600 mm Boy [&hellip;]<\/p>","protected":false},"featured_media":559,"template":"","meta":[],"product_cat":[16,23],"product_tag":[],"class_list":{"0":"post-543","1":"product","2":"type-product","3":"status-publish","4":"has-post-thumbnail","6":"product_cat-makineler","7":"product_cat-agac-sektoru","9":"first","10":"instock","11":"shipping-taxable","12":"product-type-simple"},"acf":[],"_links":{"self":[{"href":"https:\/\/kocayusufmakine.com\/en\/wp-json\/wp\/v2\/product\/543","targetHints":{"allow":["GET"]}}],"collection":[{"href":"https:\/\/kocayusufmakine.com\/en\/wp-json\/wp\/v2\/product"}],"about":[{"href":"https:\/\/kocayusufmakine.com\/en\/wp-json\/wp\/v2\/types\/product"}],"wp:featuredmedia":[{"embeddable":true,"href":"https:\/\/kocayusufmakine.com\/en\/wp-json\/wp\/v2\/media\/559"}],"wp:attachment":[{"href":"https:\/\/kocayusufmakine.com\/en\/wp-json\/wp\/v2\/media?parent=543"}],"wp:term":[{"taxonomy":"product_cat","embeddable":true,"href":"https:\/\/kocayusufmakine.com\/en\/wp-json\/wp\/v2\/product_cat?post=543"},{"taxonomy":"product_tag","embeddable":true,"href":"https:\/\/kocayusufmakine.com\/en\/wp-json\/wp\/v2\/product_tag?post=543"}],"curies":[{"name":"wp","href":"https:\/\/api.w.org\/{rel}","templated":true}]}}