{"id":542,"date":"2024-04-22T10:02:44","date_gmt":"2024-04-22T10:02:44","guid":{"rendered":"https:\/\/eklentimarket.net\/kocayusufmakine\/?post_type=product&#038;p=542"},"modified":"2025-10-26T20:57:08","modified_gmt":"2025-10-26T20:57:08","slug":"pres-hatlari","status":"publish","type":"product","link":"https:\/\/kocayusufmakine.com\/en\/machines\/press-lines\/","title":{"rendered":"Press Lines"},"content":{"rendered":"<p>The press lines specially manufactured by Kocayusuf are designed to withstand both heat and cold. These press lines are produced using advanced technology and expertise, undergoing quality control tests before being sold. They are automatic loading and unloading presses used for applying glued coatings, finish foil, laminate, melamine, paper, and PVC onto MDF, plywood, or particle board surfaces. The processed materials are then used to produce furniture, wall, floor, and door panels.  \n\nTo increase production capacity, additional components such as glue applicators, brush cleaning systems, glue spreading units, and automatic stacking machines can be integrated into the press lines upon request. The press lines can be customized in different sizes, pressing forces, and with closing mechanisms that operate from either the top or bottom, according to customer requirements.<\/p>\n<p>&nbsp;<\/p>\n<div style=\"width: 800px;\" class=\"wp-video\"><video class=\"wp-video-shortcode\" id=\"video-542-1\" width=\"800\" height=\"453\" preload=\"metadata\" controls=\"controls\"><source type=\"video\/mp4\" src=\"https:\/\/kocayusufmakine.com\/wp-content\/uploads\/2024\/04\/preshatlari-video-220425.mp4?_=1\" \/><a href=\"https:\/\/kocayusufmakine.com\/wp-content\/uploads\/2024\/04\/preshatlari-video-220425.mp4\">https:\/\/kocayusufmakine.com\/wp-content\/uploads\/2024\/04\/preshatlari-video-220425.mp4<\/a><\/video><\/div>\n<div style=\"width: 800px;\" class=\"wp-video\"><video class=\"wp-video-shortcode\" id=\"video-542-2\" width=\"800\" height=\"453\" preload=\"metadata\" controls=\"controls\"><source type=\"video\/mp4\" src=\"https:\/\/kocayusufmakine.com\/wp-content\/uploads\/2024\/04\/preshatlari-video2-220425.mp4?_=2\" \/><a href=\"https:\/\/kocayusufmakine.com\/wp-content\/uploads\/2024\/04\/preshatlari-video2-220425.mp4\">https:\/\/kocayusufmakine.com\/wp-content\/uploads\/2024\/04\/preshatlari-video2-220425.mp4<\/a><\/video><\/div>\n<div style=\"width: 640px;\" class=\"wp-video\"><video class=\"wp-video-shortcode\" id=\"video-542-3\" width=\"640\" height=\"480\" preload=\"metadata\" controls=\"controls\"><source type=\"video\/mp4\" src=\"https:\/\/kocayusufmakine.com\/wp-content\/uploads\/2024\/04\/preshatlari-video3-220425.mp4?_=3\" \/><a href=\"https:\/\/kocayusufmakine.com\/wp-content\/uploads\/2024\/04\/preshatlari-video3-220425.mp4\">https:\/\/kocayusufmakine.com\/wp-content\/uploads\/2024\/04\/preshatlari-video3-220425.mp4<\/a><\/video><\/div>\n<div style=\"width: 640px;\" class=\"wp-video\"><video class=\"wp-video-shortcode\" id=\"video-542-4\" width=\"640\" height=\"360\" preload=\"metadata\" controls=\"controls\"><source type=\"video\/mp4\" src=\"https:\/\/kocayusufmakine.com\/wp-content\/uploads\/2025\/06\/pres-hatlari-4.mp4?_=4\" \/><a href=\"https:\/\/kocayusufmakine.com\/wp-content\/uploads\/2025\/06\/pres-hatlari-4.mp4\">https:\/\/kocayusufmakine.com\/wp-content\/uploads\/2025\/06\/pres-hatlari-4.mp4<\/a><\/video><\/div>\n<div style=\"width: 640px;\" class=\"wp-video\"><video class=\"wp-video-shortcode\" id=\"video-542-5\" width=\"640\" height=\"360\" preload=\"metadata\" controls=\"controls\"><source type=\"video\/mp4\" src=\"https:\/\/kocayusufmakine.com\/wp-content\/uploads\/2025\/06\/pres-hatlari-5-1.mp4?_=5\" \/><a href=\"https:\/\/kocayusufmakine.com\/wp-content\/uploads\/2025\/06\/pres-hatlari-5-1.mp4\">https:\/\/kocayusufmakine.com\/wp-content\/uploads\/2025\/06\/pres-hatlari-5-1.mp4<\/a><\/video><\/div>\n<p>&nbsp;<\/p>","protected":false},"excerpt":{"rendered":"<p>Kocayusuf taraf\u0131ndan \u00f6zel olarak \u00fcretilen Pres Hatlar\u0131 s\u0131cak ve so\u011fu\u011fa dayan\u0131kl\u0131 olarak \u00fcretilir. Bu pres hatlar\u0131 tecr\u00fcbe ve g\u00fcn\u00fcm\u00fcz\u00fcn en ileri teknolojisi ile \u00fcretilip kalite kontrol testlerinden ge\u00e7erek sat\u0131\u015f\u0131 yap\u0131lmaktad\u0131r. Pres hatlar\u0131 otomatik y\u00fckleme ve bo\u015faltma presleridir. Bu pres hatlar\u0131nda tutkallanm\u0131\u015f kaplama, fini\u015f folyo, lam, melamin, ka\u011f\u0131t P. V.C. gibi malzemeleri M.D.F., kontrplak veya sunta [&hellip;]<\/p>","protected":false},"featured_media":1893,"template":"","meta":[],"product_cat":[16,23],"product_tag":[],"class_list":{"0":"post-542","1":"product","2":"type-product","3":"status-publish","4":"has-post-thumbnail","6":"product_cat-makineler","7":"product_cat-agac-sektoru","9":"first","10":"instock","11":"shipping-taxable","12":"product-type-simple"},"acf":[],"_links":{"self":[{"href":"https:\/\/kocayusufmakine.com\/en\/wp-json\/wp\/v2\/product\/542","targetHints":{"allow":["GET"]}}],"collection":[{"href":"https:\/\/kocayusufmakine.com\/en\/wp-json\/wp\/v2\/product"}],"about":[{"href":"https:\/\/kocayusufmakine.com\/en\/wp-json\/wp\/v2\/types\/product"}],"wp:featuredmedia":[{"embeddable":true,"href":"https:\/\/kocayusufmakine.com\/en\/wp-json\/wp\/v2\/media\/1893"}],"wp:attachment":[{"href":"https:\/\/kocayusufmakine.com\/en\/wp-json\/wp\/v2\/media?parent=542"}],"wp:term":[{"taxonomy":"product_cat","embeddable":true,"href":"https:\/\/kocayusufmakine.com\/en\/wp-json\/wp\/v2\/product_cat?post=542"},{"taxonomy":"product_tag","embeddable":true,"href":"https:\/\/kocayusufmakine.com\/en\/wp-json\/wp\/v2\/product_tag?post=542"}],"curies":[{"name":"wp","href":"https:\/\/api.w.org\/{rel}","templated":true}]}}