{"id":537,"date":"2024-04-22T09:29:26","date_gmt":"2024-04-22T09:29:26","guid":{"rendered":"https:\/\/eklentimarket.net\/kocayusufmakine\/?post_type=product&#038;p=537"},"modified":"2024-10-24T13:42:49","modified_gmt":"2024-10-24T13:42:49","slug":"kompozit-sandvic-panel-ve-sogutma-sektoru","status":"publish","type":"product","link":"https:\/\/kocayusufmakine.com\/en\/machines\/composite-sandwich-panel-and-cooling-industry\/","title":{"rendered":"Composite-Sandwich Panel and Cooling Industry"},"content":{"rendered":"<p>Kocayusuf sandvi\u00e7, kompozit panel ve so\u011futma sekt\u00f6rleri i\u00e7in de\u011fi\u015fik ebat ve bas\u0131n\u00e7ta pres ve laminasyon makineleri \u00fcretmektedir. \u0130stenildi\u011fi takdirde bu makineler komple otomatik hat haline getirilip, otomatik y\u00fckleme bo\u015faltma ve ya m\u00fc\u015fterinin iste\u011fi \u00fczerine de\u011fi\u015fik konfig\u00fcrasyonlar yap\u0131labilir.<\/p>","protected":false},"excerpt":{"rendered":"<p>Kocayusuf sandvi\u00e7, kompozit panel ve so\u011futma sekt\u00f6rleri i\u00e7in de\u011fi\u015fik ebat ve bas\u0131n\u00e7ta pres ve laminasyon makineleri \u00fcretmektedir. \u0130stenildi\u011fi takdirde bu makineler komple otomatik hat haline getirilip, otomatik y\u00fckleme bo\u015faltma ve ya m\u00fc\u015fterinin iste\u011fi \u00fczerine de\u011fi\u015fik konfig\u00fcrasyonlar yap\u0131labilir.<\/p>","protected":false},"featured_media":555,"template":"","meta":[],"product_cat":[16],"product_tag":[],"class_list":{"0":"post-537","1":"product","2":"type-product","3":"status-publish","4":"has-post-thumbnail","6":"product_cat-makineler","8":"first","9":"instock","10":"shipping-taxable","11":"product-type-simple"},"acf":[],"_links":{"self":[{"href":"https:\/\/kocayusufmakine.com\/en\/wp-json\/wp\/v2\/product\/537","targetHints":{"allow":["GET"]}}],"collection":[{"href":"https:\/\/kocayusufmakine.com\/en\/wp-json\/wp\/v2\/product"}],"about":[{"href":"https:\/\/kocayusufmakine.com\/en\/wp-json\/wp\/v2\/types\/product"}],"wp:featuredmedia":[{"embeddable":true,"href":"https:\/\/kocayusufmakine.com\/en\/wp-json\/wp\/v2\/media\/555"}],"wp:attachment":[{"href":"https:\/\/kocayusufmakine.com\/en\/wp-json\/wp\/v2\/media?parent=537"}],"wp:term":[{"taxonomy":"product_cat","embeddable":true,"href":"https:\/\/kocayusufmakine.com\/en\/wp-json\/wp\/v2\/product_cat?post=537"},{"taxonomy":"product_tag","embeddable":true,"href":"https:\/\/kocayusufmakine.com\/en\/wp-json\/wp\/v2\/product_tag?post=537"}],"curies":[{"name":"wp","href":"https:\/\/api.w.org\/{rel}","templated":true}]}}