{"id":112,"date":"2024-01-15T15:21:40","date_gmt":"2024-01-15T15:21:40","guid":{"rendered":"https:\/\/eklentimarket.net\/kocayusufmakine\/?post_type=product&#038;p=112"},"modified":"2025-08-03T11:05:28","modified_gmt":"2025-08-03T11:05:28","slug":"membran-pres-makineleri","status":"publish","type":"product","link":"https:\/\/kocayusufmakine.com\/en\/machines\/membrane-press-machines\/","title":{"rendered":"Membrane - Vacuum Press"},"content":{"rendered":"<p>Kocayusuf vacuum-membrane press machines offer high pressing quality and are actively used by customers worldwide, with over 300 operational machines. Kocayusuf vacuum-membrane presses come in manual models for small-scale businesses and advanced versions with the Autopin pin system, a reading screen, and automatic unloading systems for medium and large-scale enterprises. Upon request, Kocayusuf vacuum-membrane presses offer single or double table options. Thanks to their functional frame, they can press all types of thermoplastic materials in 3D, either as half or full-table pressing. On average, automatic unloading machines with the Autopin system and two tables complete one press cycle in 2.5 minutes.<\/p>","protected":false},"excerpt":{"rendered":"<p>Kocayusuf vakum-membran pres makineleri y\u00fcksek bask\u0131 kalitesine sahip olup d\u00fcnyada m\u00fc\u015fterileri taraf\u0131ndan kullan\u0131lan 300 den fazla \u00e7al\u0131\u015fan aktif makinesi vard\u0131r. Kocayusuf vakum-membran presleri k\u00fc\u00e7\u00fck \u00f6l\u00e7ekteki i\u015fletmeler i\u00e7in manuel veya orta ve b\u00fcy\u00fck \u00f6l\u00e7ekteki i\u015fletmeler i\u00e7in Autopin pin systemi, okuma ekran\u0131 ve otomatik bo\u015faltma Sistemlerine sahiptir. \u0130stenildi\u011fi takdirde tek yada \u00e7ift tabla se\u00e7enekleri sunan Kocayusuf vakum-membran [&hellip;]<\/p>","protected":false},"featured_media":913,"template":"","meta":[],"product_cat":[16,23],"product_tag":[],"class_list":{"0":"post-112","1":"product","2":"type-product","3":"status-publish","4":"has-post-thumbnail","6":"product_cat-makineler","7":"product_cat-agac-sektoru","9":"first","10":"instock","11":"shipping-taxable","12":"product-type-simple"},"acf":[],"_links":{"self":[{"href":"https:\/\/kocayusufmakine.com\/en\/wp-json\/wp\/v2\/product\/112","targetHints":{"allow":["GET"]}}],"collection":[{"href":"https:\/\/kocayusufmakine.com\/en\/wp-json\/wp\/v2\/product"}],"about":[{"href":"https:\/\/kocayusufmakine.com\/en\/wp-json\/wp\/v2\/types\/product"}],"wp:featuredmedia":[{"embeddable":true,"href":"https:\/\/kocayusufmakine.com\/en\/wp-json\/wp\/v2\/media\/913"}],"wp:attachment":[{"href":"https:\/\/kocayusufmakine.com\/en\/wp-json\/wp\/v2\/media?parent=112"}],"wp:term":[{"taxonomy":"product_cat","embeddable":true,"href":"https:\/\/kocayusufmakine.com\/en\/wp-json\/wp\/v2\/product_cat?post=112"},{"taxonomy":"product_tag","embeddable":true,"href":"https:\/\/kocayusufmakine.com\/en\/wp-json\/wp\/v2\/product_tag?post=112"}],"curies":[{"name":"wp","href":"https:\/\/api.w.org\/{rel}","templated":true}]}}