{"id":859,"date":"2024-05-14T13:26:56","date_gmt":"2024-05-14T13:26:56","guid":{"rendered":"https:\/\/eklentimarket.net\/kocayusufmakine\/?page_id=859"},"modified":"2025-02-21T11:05:56","modified_gmt":"2025-02-21T11:05:56","slug":"sirket-tarihcesi","status":"publish","type":"page","link":"https:\/\/kocayusufmakine.com\/en\/our-history\/","title":{"rendered":"Company History"},"content":{"rendered":"<div data-elementor-type=\"wp-page\" data-elementor-id=\"859\" class=\"elementor elementor-859\" data-elementor-post-type=\"page\">\n\t\t\t\t<div class=\"elementor-element elementor-element-c211fa1 e-con-full e-flex e-con e-parent\" data-id=\"c211fa1\" data-element_type=\"container\" data-settings=\"{&quot;ekit_has_onepagescroll_dot&quot;:&quot;yes&quot;}\">\n\t\t<div class=\"elementor-element elementor-element-0d03db1 e-flex e-con-boxed e-con e-child\" data-id=\"0d03db1\" data-element_type=\"container\" data-settings=\"{&quot;background_background&quot;:&quot;classic&quot;,&quot;ekit_has_onepagescroll_dot&quot;:&quot;yes&quot;}\">\n\t\t\t\t\t<div class=\"e-con-inner\">\n\t\t<div class=\"elementor-element elementor-element-54d02e3 e-con-full e-flex e-con e-child\" data-id=\"54d02e3\" data-element_type=\"container\" data-settings=\"{&quot;ekit_has_onepagescroll_dot&quot;:&quot;yes&quot;}\">\n\t\t\t\t<\/div>\n\t\t<div class=\"elementor-element elementor-element-9e8197a e-flex e-con-boxed e-con e-child\" data-id=\"9e8197a\" data-element_type=\"container\" data-settings=\"{&quot;ekit_has_onepagescroll_dot&quot;:&quot;yes&quot;}\">\n\t\t\t\t\t<div class=\"e-con-inner\">\n\t\t\t\t<div class=\"elementor-element elementor-element-b82db39 elementor-widget elementor-widget-elementskit-breadcrumb\" data-id=\"b82db39\" data-element_type=\"widget\" data-settings=\"{&quot;ekit_we_effect_on&quot;:&quot;none&quot;}\" data-widget_type=\"elementskit-breadcrumb.default\">\n\t\t\t\t<div class=\"elementor-widget-container\">\n\t\t\t\t\t<div class=\"ekit-wid-con\" ><ol class=\"ekit-breadcrumb\"><li class=\"ekit_breadcrumbs_start\"><a href=\"https:\/\/kocayusufmakine.com\/en\">Home<\/a><\/li><\/ol><\/div>\t\t\t\t<\/div>\n\t\t\t\t<\/div>\n\t\t\t\t\t<\/div>\n\t\t\t\t<\/div>\n\t\t\t\t\t<\/div>\n\t\t\t\t<\/div>\n\t\t\t\t<\/div>\n\t\t<div class=\"elementor-element elementor-element-cc96136 e-flex e-con-boxed e-con e-parent\" data-id=\"cc96136\" data-element_type=\"container\" data-settings=\"{&quot;ekit_has_onepagescroll_dot&quot;:&quot;yes&quot;}\">\n\t\t\t\t\t<div class=\"e-con-inner\">\n\t\t\t\t<div class=\"elementor-element elementor-element-9e6c069 elementor-widget elementor-widget-mdp-timeliner-elementor\" data-id=\"9e6c069\" data-element_type=\"widget\" data-settings=\"{&quot;ekit_we_effect_on&quot;:&quot;none&quot;}\" data-widget_type=\"mdp-timeliner-elementor.default\">\n\t\t\t\t<div class=\"elementor-widget-container\">\n\t\t\t\t\t\n        <!-- Start Timeliner WordPress Plugin -->\n\n        <div id=\"mdp-timeline-9e6c069\" class=\"timeline mdp-timeline-9e6c069\">\n            <div class=\"timeline__wrap\">\n                <div class=\"timeline__items\">\n                    \n       <div class=\"timeline__item\">\n            <div class=\"timeline__content\">\n                        <h3 class=\"mdp-timeliner-title\">\n            <span><\/span>\n            1946            <span><\/span>\n        <\/h3>\n    \n        <img decoding=\"async\" src=\"https:\/\/kocayusufmakine.com\/wp-content\/uploads\/2024\/05\/1650021287116-screenshot-1.png\"\n             class=\"mdp-timeliner-image\"\n             alt=\"\"\/>\n\n                <p class=\"mdp-timeliner-description\">\n            <span><\/span>\n            Yusuf Ziya G\u00fcleray was working as a master in the Golden Horn shipyard area alongside the Greek master Franguli.            <span><\/span>\n        <\/p>\n              <\/div>\n       <\/div>\n\n    \n       <div class=\"timeline__item\">\n            <div class=\"timeline__content\">\n                        <h3 class=\"mdp-timeliner-title\">\n            <span><\/span>\n            1959            <span><\/span>\n        <\/h3>\n    \n        <img decoding=\"async\" src=\"https:\/\/kocayusufmakine.com\/wp-content\/uploads\/2024\/01\/yusufziyaguleray-q3glb0otire6v43k43hqwznqkf0cnshnefenqp2d4w.jpeg\"\n             class=\"mdp-timeliner-image\"\n             alt=\"\"\/>\n\n                <p class=\"mdp-timeliner-description\">\n            <span><\/span>\n            After leaving Master Franguli, Yusuf Ziya G\u00fcleray opened a small workshop for himself and started his business life.            <span><\/span>\n        <\/p>\n              <\/div>\n       <\/div>\n\n    \n       <div class=\"timeline__item\">\n            <div class=\"timeline__content\">\n                        <h3 class=\"mdp-timeliner-title\">\n            <span><\/span>\n            1961            <span><\/span>\n        <\/h3>\n    \n        <img decoding=\"async\" src=\"https:\/\/kocayusufmakine.com\/wp-content\/uploads\/2024\/05\/kocayusufeski-1.jpg\"\n             class=\"mdp-timeliner-image\"\n             alt=\"\"\/>\n\n                <p class=\"mdp-timeliner-description\">\n            <span><\/span>\n            Kocayusuf was established.            <span><\/span>\n        <\/p>\n              <\/div>\n       <\/div>\n\n    \n       <div class=\"timeline__item\">\n            <div class=\"timeline__content\">\n                        <h3 class=\"mdp-timeliner-title\">\n            <span><\/span>\n            1974            <span><\/span>\n        <\/h3>\n    \n        <img decoding=\"async\" src=\"https:\/\/kocayusufmakine.com\/wp-content\/uploads\/2024\/05\/ilkpres74.jpg\"\n             class=\"mdp-timeliner-image\"\n             alt=\"\"\/>\n\n                <p class=\"mdp-timeliner-description\">\n            <span><\/span>\n            Kocayusuf started press manufacturing for the first time in his workshop.\u00a0\u00a0\u00a0            <span><\/span>\n        <\/p>\n              <\/div>\n       <\/div>\n\n    \n       <div class=\"timeline__item\">\n            <div class=\"timeline__content\">\n                        <h3 class=\"mdp-timeliner-title\">\n            <span><\/span>\n            1980            <span><\/span>\n        <\/h3>\n    \n        <img decoding=\"async\" src=\"\"\n             class=\"mdp-timeliner-image\"\n             alt=\"\"\/>\n\n                <p class=\"mdp-timeliner-description\">\n            <span><\/span>\n            The first glue application machine was made            <span><\/span>\n        <\/p>\n              <\/div>\n       <\/div>\n\n    \n       <div class=\"timeline__item\">\n            <div class=\"timeline__content\">\n                        <h3 class=\"mdp-timeliner-title\">\n            <span><\/span>\n            1982            <span><\/span>\n        <\/h3>\n    \n        <img decoding=\"async\" src=\"\"\n             class=\"mdp-timeliner-image\"\n             alt=\"\"\/>\n\n                <p class=\"mdp-timeliner-description\">\n            <span><\/span>\n            Halit Hakan G\u00fcleray, who graduated from the electrical and electronics engineering department, joined Kocayusuf as a second generation manager.            <span><\/span>\n        <\/p>\n              <\/div>\n       <\/div>\n\n    \n       <div class=\"timeline__item\">\n            <div class=\"timeline__content\">\n                        <h3 class=\"mdp-timeliner-title\">\n            <span><\/span>\n            1985            <span><\/span>\n        <\/h3>\n    \n        <img decoding=\"async\" src=\"https:\/\/kocayusufmakine.com\/wp-content\/uploads\/2024\/05\/ilksandwichpanel.jpg\"\n             class=\"mdp-timeliner-image\"\n             alt=\"\"\/>\n\n                <p class=\"mdp-timeliner-description\">\n            <span><\/span>\n            Kocayusuf produced the first sandwich panel press in Turkey.            <span><\/span>\n        <\/p>\n              <\/div>\n       <\/div>\n\n    \n       <div class=\"timeline__item\">\n            <div class=\"timeline__content\">\n                        <h3 class=\"mdp-timeliner-title\">\n            <span><\/span>\n            1986            <span><\/span>\n        <\/h3>\n    \n        <img decoding=\"async\" src=\"\"\n             class=\"mdp-timeliner-image\"\n             alt=\"\"\/>\n\n                <p class=\"mdp-timeliner-description\">\n            <span><\/span>\n            Erkan G\u00fcleray, who graduated from mechanical engineering, joined Kocayusuf as a second generation manager.            <span><\/span>\n        <\/p>\n              <\/div>\n       <\/div>\n\n    \n       <div class=\"timeline__item\">\n            <div class=\"timeline__content\">\n                        <h3 class=\"mdp-timeliner-title\">\n            <span><\/span>\n            1988            <span><\/span>\n        <\/h3>\n    \n        <img decoding=\"async\" src=\"https:\/\/kocayusufmakine.com\/wp-content\/uploads\/2024\/05\/tuyapfuar.jpg\"\n             class=\"mdp-timeliner-image\"\n             alt=\"\"\/>\n\n                <p class=\"mdp-timeliner-description\">\n            <span><\/span>\n            Kocayusuf attended the first T\u00dcYAP fair.            <span><\/span>\n        <\/p>\n              <\/div>\n       <\/div>\n\n    \n       <div class=\"timeline__item\">\n            <div class=\"timeline__content\">\n                        <h3 class=\"mdp-timeliner-title\">\n            <span><\/span>\n            1991            <span><\/span>\n        <\/h3>\n    \n        <img decoding=\"async\" src=\"\"\n             class=\"mdp-timeliner-image\"\n             alt=\"\"\/>\n\n                <p class=\"mdp-timeliner-description\">\n            <span><\/span>\n            Civil engineer Zihni Vargel joined the Kocayusuf management as a second generation manager.            <span><\/span>\n        <\/p>\n              <\/div>\n       <\/div>\n\n    \n       <div class=\"timeline__item\">\n            <div class=\"timeline__content\">\n                        <h3 class=\"mdp-timeliner-title\">\n            <span><\/span>\n            1991            <span><\/span>\n        <\/h3>\n    \n        <img decoding=\"async\" src=\"\"\n             class=\"mdp-timeliner-image\"\n             alt=\"\"\/>\n\n                <p class=\"mdp-timeliner-description\">\n            <span><\/span>\n            Kocayusuf started to operate in IMES.            <span><\/span>\n        <\/p>\n              <\/div>\n       <\/div>\n\n    \n       <div class=\"timeline__item\">\n            <div class=\"timeline__content\">\n                        <h3 class=\"mdp-timeliner-title\">\n            <span><\/span>\n            1992            <span><\/span>\n        <\/h3>\n    \n        <img decoding=\"async\" src=\"https:\/\/kocayusufmakine.com\/wp-content\/uploads\/2024\/05\/ilkpanelpresi.jpg\"\n             class=\"mdp-timeliner-image\"\n             alt=\"\"\/>\n\n                <p class=\"mdp-timeliner-description\">\n            <span><\/span>\n            The first domestic panel press in Turkey was produced.            <span><\/span>\n        <\/p>\n              <\/div>\n       <\/div>\n\n    \n       <div class=\"timeline__item\">\n            <div class=\"timeline__content\">\n                        <h3 class=\"mdp-timeliner-title\">\n            <span><\/span>\n            1993            <span><\/span>\n        <\/h3>\n    \n        <img decoding=\"async\" src=\"https:\/\/kocayusufmakine.com\/wp-content\/uploads\/2024\/06\/ligna1993.jpg\"\n             class=\"mdp-timeliner-image\"\n             alt=\"\"\/>\n\n                <p class=\"mdp-timeliner-description\">\n            <span><\/span>\n            Kocayusuf attended the Ligna fair for the first time.            <span><\/span>\n        <\/p>\n              <\/div>\n       <\/div>\n\n    \n       <div class=\"timeline__item\">\n            <div class=\"timeline__content\">\n                        <h3 class=\"mdp-timeliner-title\">\n            <span><\/span>\n            1993            <span><\/span>\n        <\/h3>\n    \n        <img decoding=\"async\" src=\"https:\/\/kocayusufmakine.com\/wp-content\/uploads\/2024\/05\/ilkmembran.jpg\"\n             class=\"mdp-timeliner-image\"\n             alt=\"\"\/>\n\n                <p class=\"mdp-timeliner-description\">\n            <span><\/span>\n            The first membrane press production started in the Kocayusuf workshop.            <span><\/span>\n        <\/p>\n              <\/div>\n       <\/div>\n\n    \n       <div class=\"timeline__item\">\n            <div class=\"timeline__content\">\n                        <h3 class=\"mdp-timeliner-title\">\n            <span><\/span>\n            1994            <span><\/span>\n        <\/h3>\n    \n        <img decoding=\"async\" src=\"\"\n             class=\"mdp-timeliner-image\"\n             alt=\"\"\/>\n\n                <p class=\"mdp-timeliner-description\">\n            <span><\/span>\n            Hot press line production started within Kocayusuf.            <span><\/span>\n        <\/p>\n              <\/div>\n       <\/div>\n\n    \n       <div class=\"timeline__item\">\n            <div class=\"timeline__content\">\n                        <h3 class=\"mdp-timeliner-title\">\n            <span><\/span>\n            1999            <span><\/span>\n        <\/h3>\n    \n        <img decoding=\"async\" src=\"https:\/\/kocayusufmakine.com\/wp-content\/uploads\/2024\/01\/kocayusufson1.jpg\"\n             class=\"mdp-timeliner-image\"\n             alt=\"\"\/>\n\n                <p class=\"mdp-timeliner-description\">\n            <span><\/span>\n            Kocayusuf production facility was moved to Dudullu OIZ.            <span><\/span>\n        <\/p>\n              <\/div>\n       <\/div>\n\n    \n       <div class=\"timeline__item\">\n            <div class=\"timeline__content\">\n                        <h3 class=\"mdp-timeliner-title\">\n            <span><\/span>\n            2006            <span><\/span>\n        <\/h3>\n    \n        <img decoding=\"async\" src=\"https:\/\/kocayusufmakine.com\/wp-content\/uploads\/2024\/05\/ilklaminasyon.jpg\"\n             class=\"mdp-timeliner-image\"\n             alt=\"\"\/>\n\n                <p class=\"mdp-timeliner-description\">\n            <span><\/span>\n            The first hot glue lamination line was produced within Kocayusuf.            <span><\/span>\n        <\/p>\n              <\/div>\n       <\/div>\n\n    \n       <div class=\"timeline__item\">\n            <div class=\"timeline__content\">\n                        <h3 class=\"mdp-timeliner-title\">\n            <span><\/span>\n            2006            <span><\/span>\n        <\/h3>\n    \n        <img decoding=\"async\" src=\"\"\n             class=\"mdp-timeliner-image\"\n             alt=\"\"\/>\n\n                <p class=\"mdp-timeliner-description\">\n            <span><\/span>\n            Altu\u011f Vargel joined Kocayusuf as the third generation manager.            <span><\/span>\n        <\/p>\n              <\/div>\n       <\/div>\n\n    \n       <div class=\"timeline__item\">\n            <div class=\"timeline__content\">\n                        <h3 class=\"mdp-timeliner-title\">\n            <span><\/span>\n            2007            <span><\/span>\n        <\/h3>\n    \n        <img decoding=\"async\" src=\"\"\n             class=\"mdp-timeliner-image\"\n             alt=\"\"\/>\n\n                <p class=\"mdp-timeliner-description\">\n            <span><\/span>\n            Kocayusuf started production of the first Autopin system membrane press.            <span><\/span>\n        <\/p>\n              <\/div>\n       <\/div>\n\n    \n       <div class=\"timeline__item\">\n            <div class=\"timeline__content\">\n                        <h3 class=\"mdp-timeliner-title\">\n            <span><\/span>\n            2008            <span><\/span>\n        <\/h3>\n    \n        <img decoding=\"async\" src=\"https:\/\/kocayusufmakine.com\/wp-content\/uploads\/2024\/05\/kaucuksektor.jpg\"\n             class=\"mdp-timeliner-image\"\n             alt=\"\"\/>\n\n                <p class=\"mdp-timeliner-description\">\n            <span><\/span>\n            Kocayusuf started its first rubber press and mold manufacturing within its own structure.            <span><\/span>\n        <\/p>\n              <\/div>\n       <\/div>\n\n    \n       <div class=\"timeline__item\">\n            <div class=\"timeline__content\">\n                        <h3 class=\"mdp-timeliner-title\">\n            <span><\/span>\n            2012            <span><\/span>\n        <\/h3>\n    \n        <img decoding=\"async\" src=\"https:\/\/kocayusufmakine.com\/wp-content\/uploads\/2024\/05\/seramiksektorubg.jpg\"\n             class=\"mdp-timeliner-image\"\n             alt=\"\"\/>\n\n                <p class=\"mdp-timeliner-description\">\n            <span><\/span>\n            Kocayusuf started to produce presses for the ceramic industry.            <span><\/span>\n        <\/p>\n              <\/div>\n       <\/div>\n\n    \n       <div class=\"timeline__item\">\n            <div class=\"timeline__content\">\n                        <h3 class=\"mdp-timeliner-title\">\n            <span><\/span>\n            2020            <span><\/span>\n        <\/h3>\n    \n        <img decoding=\"async\" src=\"https:\/\/kocayusufmakine.com\/wp-content\/uploads\/2024\/05\/hizlipres.jpg\"\n             class=\"mdp-timeliner-image\"\n             alt=\"\"\/>\n\n                <p class=\"mdp-timeliner-description\">\n            <span><\/span>\n            The first multi-layer, high-speed press production started.            <span><\/span>\n        <\/p>\n              <\/div>\n       <\/div>\n\n    \n       <div class=\"timeline__item\">\n            <div class=\"timeline__content\">\n                        <h3 class=\"mdp-timeliner-title\">\n            <span><\/span>\n            2021            <span><\/span>\n        <\/h3>\n    \n        <img decoding=\"async\" src=\"https:\/\/kocayusufmakine.com\/wp-content\/uploads\/2024\/05\/dilovasi1-2.jpg\"\n             class=\"mdp-timeliner-image\"\n             alt=\"\"\/>\n\n                <p class=\"mdp-timeliner-description\">\n            <span><\/span>\n            The foundation of the 2nd factory in Kocayusuf Dilovas\u0131 was laid.            <span><\/span>\n        <\/p>\n              <\/div>\n       <\/div>\n\n    \n       <div class=\"timeline__item\">\n            <div class=\"timeline__content\">\n                        <h3 class=\"mdp-timeliner-title\">\n            <span><\/span>\n            2022            <span><\/span>\n        <\/h3>\n    \n        <img decoding=\"async\" src=\"https:\/\/kocayusufmakine.com\/wp-content\/uploads\/2024\/05\/dilovasi.jpg\"\n             class=\"mdp-timeliner-image\"\n             alt=\"\"\/>\n\n                <p class=\"mdp-timeliner-description\">\n            <span><\/span>\n            The foundation of Kocayusuf's 3rd factory in Dilovas\u0131 was laid.            <span><\/span>\n        <\/p>\n              <\/div>\n       <\/div>\n\n    \n       <div class=\"timeline__item\">\n            <div class=\"timeline__content\">\n                        <h3 class=\"mdp-timeliner-title\">\n            <span><\/span>\n            2024            <span><\/span>\n        <\/h3>\n    \n        <img decoding=\"async\" src=\"https:\/\/kocayusufmakine.com\/wp-content\/uploads\/2024\/05\/bursafabrika.jpg\"\n             class=\"mdp-timeliner-image\"\n             alt=\"\"\/>\n\n                <p class=\"mdp-timeliner-description\">\n            <span><\/span>\n            The foundation of Kocayusuf's 4th factory, located in Bursa with a 6,000 m\u00b2 enclosed area, has been laid.            <span><\/span>\n        <\/p>\n              <\/div>\n       <\/div>\n\n    \n       <div class=\"timeline__item\">\n            <div class=\"timeline__content\">\n                        <h3 class=\"mdp-timeliner-title\">\n            <span><\/span>\n            2024            <span><\/span>\n        <\/h3>\n    \n        <img decoding=\"async\" src=\"https:\/\/kocayusufmakine.com\/wp-content\/uploads\/2025\/02\/fabrikason.jpg\"\n             class=\"mdp-timeliner-image\"\n             alt=\"\"\/>\n\n                <p class=\"mdp-timeliner-description\">\n            <span><\/span>\n            Bursa'da 6000 m2 kapal\u0131 alana sahip Kocayusuf'un 4. fabrikas\u0131 tamamland\u0131 ve faaliyete ge\u00e7ti.            <span><\/span>\n        <\/p>\n              <\/div>\n       <\/div>\n\n                    <\/div>\n            <\/div>\n        <\/div>\n\n        <script>jQuery( window ).on( 'elementor\/frontend\/init', function(){window.MDPTimeliner_9e6c069 = function () {jQuery('#mdp-timeline-9e6c069').timeline({\nverticalStartPosition: 'left',\nverticalTrigger: '150'\n});}; \nwindow.MDPTimeliner_9e6c069();});<\/script>\n\n        <!-- End Timeliner WordPress Plugin -->\n\t    \t\t\t\t<\/div>\n\t\t\t\t<\/div>\n\t\t\t\t\t<\/div>\n\t\t\t\t<\/div>\n\t\t\t\t<\/div>","protected":false},"excerpt":{"rendered":"<p>Home 1946 Yusuf Ziya G\u00fcleray, Rum ustas\u0131 Franguli&#8217;nin yan\u0131nda Hali\u00e7 tersane b\u00f6lgesinde usta olarak \u00e7al\u0131\u015f\u0131yordu. 1959 Yusuf Ziya G\u00fcleray, usta Franguli&#8217;nin yan\u0131ndan ayr\u0131ld\u0131ktan sonra kendisine k\u00fc\u00e7\u00fck bir at\u00f6lye a\u00e7t\u0131 ve i\u015f hayat\u0131na at\u0131ld\u0131. 1961 Kocayusuf kuruldu. 1974 Kocayusuf, at\u00f6lyesinde ilk kez pres imalat\u0131na ba\u015flad\u0131.\u00a0\u00a0\u00a0 1980 \u0130lk tutkal s\u00fcrme makinesi yap\u0131ld\u0131 1982 Elektrik elektronik m\u00fchendisli\u011fi b\u00f6l\u00fcm\u00fcnden [&hellip;]<\/p>","protected":false},"author":1,"featured_media":0,"parent":0,"menu_order":0,"comment_status":"closed","ping_status":"closed","template":"elementor_header_footer","meta":{"footnotes":""},"class_list":["post-859","page","type-page","status-publish","hentry"],"acf":[],"_links":{"self":[{"href":"https:\/\/kocayusufmakine.com\/en\/wp-json\/wp\/v2\/pages\/859","targetHints":{"allow":["GET"]}}],"collection":[{"href":"https:\/\/kocayusufmakine.com\/en\/wp-json\/wp\/v2\/pages"}],"about":[{"href":"https:\/\/kocayusufmakine.com\/en\/wp-json\/wp\/v2\/types\/page"}],"author":[{"embeddable":true,"href":"https:\/\/kocayusufmakine.com\/en\/wp-json\/wp\/v2\/users\/1"}],"replies":[{"embeddable":true,"href":"https:\/\/kocayusufmakine.com\/en\/wp-json\/wp\/v2\/comments?post=859"}],"version-history":[{"count":67,"href":"https:\/\/kocayusufmakine.com\/en\/wp-json\/wp\/v2\/pages\/859\/revisions"}],"predecessor-version":[{"id":1820,"href":"https:\/\/kocayusufmakine.com\/en\/wp-json\/wp\/v2\/pages\/859\/revisions\/1820"}],"wp:attachment":[{"href":"https:\/\/kocayusufmakine.com\/en\/wp-json\/wp\/v2\/media?parent=859"}],"curies":[{"name":"wp","href":"https:\/\/api.w.org\/{rel}","templated":true}]}}