{"id":234,"date":"2024-01-18T09:48:56","date_gmt":"2024-01-18T09:48:56","guid":{"rendered":"https:\/\/eklentimarket.net\/kocayusufmakine\/?page_id=234"},"modified":"2024-09-26T20:47:26","modified_gmt":"2024-09-26T20:47:26","slug":"hakkimizda","status":"publish","type":"page","link":"https:\/\/kocayusufmakine.com\/en\/about-us\/","title":{"rendered":"About us"},"content":{"rendered":"<div data-elementor-type=\"wp-page\" data-elementor-id=\"234\" class=\"elementor elementor-234\" data-elementor-post-type=\"page\">\n\t\t\t\t<div class=\"elementor-element elementor-element-147e389 e-flex e-con-boxed e-con e-parent\" data-id=\"147e389\" data-element_type=\"container\" data-settings=\"{&quot;background_background&quot;:&quot;classic&quot;,&quot;ekit_has_onepagescroll_dot&quot;:&quot;yes&quot;}\">\n\t\t\t\t\t<div class=\"e-con-inner\">\n\t\t<div class=\"elementor-element elementor-element-ab48739 e-con-full e-flex e-con e-child\" data-id=\"ab48739\" data-element_type=\"container\" data-settings=\"{&quot;ekit_has_onepagescroll_dot&quot;:&quot;yes&quot;}\">\n\t\t\t\t<\/div>\n\t\t<div class=\"elementor-element elementor-element-e51aaa8 e-flex e-con-boxed e-con e-child\" data-id=\"e51aaa8\" data-element_type=\"container\" data-settings=\"{&quot;ekit_has_onepagescroll_dot&quot;:&quot;yes&quot;}\">\n\t\t\t\t\t<div class=\"e-con-inner\">\n\t\t\t\t<div class=\"elementor-element elementor-element-436bf28 elementor-widget elementor-widget-elementskit-breadcrumb\" data-id=\"436bf28\" data-element_type=\"widget\" data-settings=\"{&quot;ekit_we_effect_on&quot;:&quot;none&quot;}\" data-widget_type=\"elementskit-breadcrumb.default\">\n\t\t\t\t<div class=\"elementor-widget-container\">\n\t\t\t\t\t<div class=\"ekit-wid-con\" ><ol class=\"ekit-breadcrumb\"><li class=\"ekit_breadcrumbs_start\"><a href=\"https:\/\/kocayusufmakine.com\/en\">Home<\/a><\/li><\/ol><\/div>\t\t\t\t<\/div>\n\t\t\t\t<\/div>\n\t\t\t\t\t<\/div>\n\t\t\t\t<\/div>\n\t\t\t\t\t<\/div>\n\t\t\t\t<\/div>\n\t\t<div class=\"elementor-element elementor-element-92663f0 e-flex e-con-boxed e-con e-parent\" data-id=\"92663f0\" data-element_type=\"container\" data-settings=\"{&quot;ekit_has_onepagescroll_dot&quot;:&quot;yes&quot;}\">\n\t\t\t\t\t<div class=\"e-con-inner\">\n\t\t<div class=\"elementor-element elementor-element-dca581a e-flex e-con-boxed e-con e-child\" data-id=\"dca581a\" data-element_type=\"container\" data-settings=\"{&quot;ekit_has_onepagescroll_dot&quot;:&quot;yes&quot;}\">\n\t\t\t\t\t<div class=\"e-con-inner\">\n\t\t\t\t<div class=\"elementor-element elementor-element-f871618 elementor-widget elementor-widget-heading\" data-id=\"f871618\" data-element_type=\"widget\" data-settings=\"{&quot;ekit_we_effect_on&quot;:&quot;none&quot;}\" data-widget_type=\"heading.default\">\n\t\t\t\t<div class=\"elementor-widget-container\">\n\t\t\t\t\t<h2 class=\"elementor-heading-title elementor-size-default\">About us<\/h2>\t\t\t\t<\/div>\n\t\t\t\t<\/div>\n\t\t\t\t<div class=\"elementor-element elementor-element-1b69045 elementor-widget elementor-widget-heading\" data-id=\"1b69045\" data-element_type=\"widget\" data-settings=\"{&quot;ekit_we_effect_on&quot;:&quot;none&quot;}\" data-widget_type=\"heading.default\">\n\t\t\t\t<div class=\"elementor-widget-container\">\n\t\t\t\t\t<h2 class=\"elementor-heading-title elementor-size-default\">From Past to Future KocaYusuf<\/h2>\t\t\t\t<\/div>\n\t\t\t\t<\/div>\n\t\t\t\t\t<\/div>\n\t\t\t\t<\/div>\n\t\t<div class=\"elementor-element elementor-element-128eb6b e-flex e-con-boxed e-con e-child\" data-id=\"128eb6b\" data-element_type=\"container\" data-settings=\"{&quot;ekit_has_onepagescroll_dot&quot;:&quot;yes&quot;}\">\n\t\t\t\t\t<div class=\"e-con-inner\">\n\t\t\t\t<div class=\"elementor-element elementor-element-ecb3578 elementor-widget elementor-widget-heading\" data-id=\"ecb3578\" data-element_type=\"widget\" data-settings=\"{&quot;ekit_we_effect_on&quot;:&quot;none&quot;}\" data-widget_type=\"heading.default\">\n\t\t\t\t<div class=\"elementor-widget-container\">\n\t\t\t\t\t<h2 class=\"elementor-heading-title elementor-size-default\">Yusuf Ziya G\u00fcleray<br>\n( 1932-2017 )\n<\/h2>\t\t\t\t<\/div>\n\t\t\t\t<\/div>\n\t\t\t\t<div class=\"elementor-element elementor-element-a700086 elementor-widget elementor-widget-image\" data-id=\"a700086\" data-element_type=\"widget\" data-settings=\"{&quot;ekit_we_effect_on&quot;:&quot;none&quot;}\" data-widget_type=\"image.default\">\n\t\t\t\t<div class=\"elementor-widget-container\">\n\t\t\t\t\t\t\t\t\t\t\t\t\t\t\t<img decoding=\"async\" width=\"107\" height=\"150\" src=\"https:\/\/kocayusufmakine.com\/wp-content\/uploads\/2024\/01\/yusufziyaguleray-q3glb0otire6v43k43hqwznqkf0cnshnefenqp2d4w.jpeg\" class=\"attachment-full size-full wp-image-237\" alt=\"\" \/>\t\t\t\t\t\t\t\t\t\t\t\t\t\t\t<\/div>\n\t\t\t\t<\/div>\n\t\t\t\t\t<\/div>\n\t\t\t\t<\/div>\n\t\t\t\t\t<\/div>\n\t\t\t\t<\/div>\n\t\t<div class=\"elementor-element elementor-element-41e8714 e-flex e-con-boxed e-con e-parent\" data-id=\"41e8714\" data-element_type=\"container\" data-settings=\"{&quot;ekit_has_onepagescroll_dot&quot;:&quot;yes&quot;}\">\n\t\t\t\t\t<div class=\"e-con-inner\">\n\t\t<div class=\"elementor-element elementor-element-a74772c e-con-full e-flex e-con e-child\" data-id=\"a74772c\" data-element_type=\"container\" data-settings=\"{&quot;ekit_has_onepagescroll_dot&quot;:&quot;yes&quot;}\">\n\t\t\t\t<div class=\"elementor-element elementor-element-aca7db7 elementor-widget elementor-widget-image\" data-id=\"aca7db7\" data-element_type=\"widget\" data-settings=\"{&quot;ekit_we_effect_on&quot;:&quot;none&quot;}\" data-widget_type=\"image.default\">\n\t\t\t\t<div class=\"elementor-widget-container\">\n\t\t\t\t\t\t\t\t\t\t\t\t\t\t\t<img fetchpriority=\"high\" decoding=\"async\" width=\"783\" height=\"475\" src=\"https:\/\/kocayusufmakine.com\/wp-content\/uploads\/2024\/01\/kocayusufson1.jpg\" class=\"attachment-large size-large wp-image-74\" alt=\"\" srcset=\"https:\/\/kocayusufmakine.com\/wp-content\/uploads\/2024\/01\/kocayusufson1.jpg 783w, https:\/\/kocayusufmakine.com\/wp-content\/uploads\/2024\/01\/kocayusufson1-600x364.jpg 600w, https:\/\/kocayusufmakine.com\/wp-content\/uploads\/2024\/01\/kocayusufson1-300x182.jpg 300w, https:\/\/kocayusufmakine.com\/wp-content\/uploads\/2024\/01\/kocayusufson1-768x466.jpg 768w\" sizes=\"(max-width: 783px) 100vw, 783px\" \/>\t\t\t\t\t\t\t\t\t\t\t\t\t\t\t<\/div>\n\t\t\t\t<\/div>\n\t\t\t\t<\/div>\n\t\t<div class=\"elementor-element elementor-element-ad26821 e-con-full e-flex e-con e-child\" data-id=\"ad26821\" data-element_type=\"container\" data-settings=\"{&quot;ekit_has_onepagescroll_dot&quot;:&quot;yes&quot;}\">\n\t\t\t\t<div class=\"elementor-element elementor-element-fdf7d79 elementor-widget elementor-widget-text-editor\" data-id=\"fdf7d79\" data-element_type=\"widget\" data-settings=\"{&quot;ekit_we_effect_on&quot;:&quot;none&quot;}\" data-widget_type=\"text-editor.default\">\n\t\t\t\t<div class=\"elementor-widget-container\">\n\t\t\t\t\t\t\t\t\t<p>Kocayusuf was founded in 1961 by Yusuf Ziya G\u00fcleray in a small workshop in Istanbul, and today it is a family company managed by 3rd generation individuals. The experience they gained from the founding master was taken one step further with the sons of the 2nd Generation engineers, and today the 3rd Generation has taken over the baton. Kocayusuf, which produces in 3 factories with a total closed area of \u200b\u200b18,000 m2 in Y. Dudullu and Dilovas\u0131 OSB, always targets customer satisfaction and quality with its thousands of machines in operation.<\/p>\t\t\t\t\t\t\t\t<\/div>\n\t\t\t\t<\/div>\n\t\t\t\t<\/div>\n\t\t\t\t\t<\/div>\n\t\t\t\t<\/div>\n\t\t<div class=\"elementor-element elementor-element-3a12392 e-flex e-con-boxed e-con e-parent\" data-id=\"3a12392\" data-element_type=\"container\" data-settings=\"{&quot;ekit_has_onepagescroll_dot&quot;:&quot;yes&quot;}\">\n\t\t\t\t\t<div class=\"e-con-inner\">\n\t\t<div class=\"elementor-element elementor-element-65e0e41 e-con-full e-flex e-con e-child\" data-id=\"65e0e41\" data-element_type=\"container\" data-settings=\"{&quot;ekit_has_onepagescroll_dot&quot;:&quot;yes&quot;}\">\n\t\t\t\t<div class=\"elementor-element elementor-element-91a0391 elementor-widget elementor-widget-image\" data-id=\"91a0391\" data-element_type=\"widget\" data-settings=\"{&quot;ekit_we_effect_on&quot;:&quot;none&quot;}\" data-widget_type=\"image.default\">\n\t\t\t\t<div class=\"elementor-widget-container\">\n\t\t\t\t\t\t\t\t\t\t\t\t\t\t\t<img decoding=\"async\" width=\"800\" height=\"534\" src=\"https:\/\/kocayusufmakine.com\/wp-content\/uploads\/2024\/01\/kocayusufson2.jpg\" class=\"attachment-large size-large wp-image-73\" alt=\"\" srcset=\"https:\/\/kocayusufmakine.com\/wp-content\/uploads\/2024\/01\/kocayusufson2.jpg 1024w, https:\/\/kocayusufmakine.com\/wp-content\/uploads\/2024\/01\/kocayusufson2-1000x667.jpg 1000w, https:\/\/kocayusufmakine.com\/wp-content\/uploads\/2024\/01\/kocayusufson2-300x200.jpg 300w, https:\/\/kocayusufmakine.com\/wp-content\/uploads\/2024\/01\/kocayusufson2-768x512.jpg 768w\" sizes=\"(max-width: 800px) 100vw, 800px\" \/>\t\t\t\t\t\t\t\t\t\t\t\t\t\t\t<\/div>\n\t\t\t\t<\/div>\n\t\t\t\t<\/div>\n\t\t<div class=\"elementor-element elementor-element-2699e6d e-con-full e-flex e-con e-child\" data-id=\"2699e6d\" data-element_type=\"container\" data-settings=\"{&quot;ekit_has_onepagescroll_dot&quot;:&quot;yes&quot;}\">\n\t\t\t\t<div class=\"elementor-element elementor-element-09d7db5 elementor-widget elementor-widget-image\" data-id=\"09d7db5\" data-element_type=\"widget\" data-settings=\"{&quot;ekit_we_effect_on&quot;:&quot;none&quot;}\" data-widget_type=\"image.default\">\n\t\t\t\t<div class=\"elementor-widget-container\">\n\t\t\t\t\t\t\t\t\t\t\t\t\t\t\t<img loading=\"lazy\" decoding=\"async\" width=\"800\" height=\"534\" src=\"https:\/\/kocayusufmakine.com\/wp-content\/uploads\/2024\/01\/kocayusufyeni3.jpg\" class=\"attachment-large size-large wp-image-72\" alt=\"\" srcset=\"https:\/\/kocayusufmakine.com\/wp-content\/uploads\/2024\/01\/kocayusufyeni3.jpg 1024w, https:\/\/kocayusufmakine.com\/wp-content\/uploads\/2024\/01\/kocayusufyeni3-1000x667.jpg 1000w, https:\/\/kocayusufmakine.com\/wp-content\/uploads\/2024\/01\/kocayusufyeni3-300x200.jpg 300w, https:\/\/kocayusufmakine.com\/wp-content\/uploads\/2024\/01\/kocayusufyeni3-768x512.jpg 768w\" sizes=\"(max-width: 800px) 100vw, 800px\" \/>\t\t\t\t\t\t\t\t\t\t\t\t\t\t\t<\/div>\n\t\t\t\t<\/div>\n\t\t\t\t<\/div>\n\t\t\t\t\t<\/div>\n\t\t\t\t<\/div>\n\t\t\t\t<\/div>","protected":false},"excerpt":{"rendered":"<p>Home Hakk\u0131m\u0131zda Ge\u00e7mi\u015ften Gelece\u011fe KocaYusuf Yusuf Ziya G\u00fcleray ( 1932-2017 ) Kocayusuf 1961 senesinde Yusuf Ziya G\u00fcleray taraf\u0131ndan \u0130stanbul\u2019da k\u00fc\u00e7\u00fck bir at\u00f6lyede kurulmu\u015f olup, g\u00fcn\u00fcm\u00fczde 3. jenerasyon fertler taraf\u0131ndan y\u00f6netilen bir aile \u015firketidir. Kurucu ustas\u0131ndan edindikleri deneyimi 2. Jenerasyon m\u00fchendis o\u011fullar\u0131 ile 1 ad\u0131m ileri ta\u015f\u0131m\u0131\u015f ve g\u00fcn\u00fcm\u00fczde bayra\u011f\u0131 3. Jenerasyon devralm\u0131\u015ft\u0131r. Y. Dudullu ve [&hellip;]<\/p>","protected":false},"author":1,"featured_media":0,"parent":0,"menu_order":0,"comment_status":"closed","ping_status":"closed","template":"elementor_header_footer","meta":{"footnotes":""},"class_list":["post-234","page","type-page","status-publish","hentry"],"acf":[],"_links":{"self":[{"href":"https:\/\/kocayusufmakine.com\/en\/wp-json\/wp\/v2\/pages\/234","targetHints":{"allow":["GET"]}}],"collection":[{"href":"https:\/\/kocayusufmakine.com\/en\/wp-json\/wp\/v2\/pages"}],"about":[{"href":"https:\/\/kocayusufmakine.com\/en\/wp-json\/wp\/v2\/types\/page"}],"author":[{"embeddable":true,"href":"https:\/\/kocayusufmakine.com\/en\/wp-json\/wp\/v2\/users\/1"}],"replies":[{"embeddable":true,"href":"https:\/\/kocayusufmakine.com\/en\/wp-json\/wp\/v2\/comments?post=234"}],"version-history":[{"count":19,"href":"https:\/\/kocayusufmakine.com\/en\/wp-json\/wp\/v2\/pages\/234\/revisions"}],"predecessor-version":[{"id":1551,"href":"https:\/\/kocayusufmakine.com\/en\/wp-json\/wp\/v2\/pages\/234\/revisions\/1551"}],"wp:attachment":[{"href":"https:\/\/kocayusufmakine.com\/en\/wp-json\/wp\/v2\/media?parent=234"}],"curies":[{"name":"wp","href":"https:\/\/api.w.org\/{rel}","templated":true}]}}